{"id":344,"date":"2016-01-06T11:31:27","date_gmt":"2016-01-06T11:31:27","guid":{"rendered":"http:\/\/consulting.stylemixthemes.com\/?page_id=344"},"modified":"2018-10-25T11:12:15","modified_gmt":"2018-10-25T08:12:15","slug":"hakkimizda","status":"publish","type":"page","link":"https:\/\/www.smartaffect.com\/en\/about-us\/","title":{"rendered":"About Us"},"content":{"rendered":"<p>[vc_row css=&#8221;.vc_custom_1459506276575{margin-bottom: 100px !important;}&#8221;][vc_column width=&#8221;3\/4&#8243;][vc_column_text css=&#8221;.vc_custom_1478783654931{margin-top: 45px !important;}&#8221;]<\/p>\n<h2>About Us<\/h2>\n<p>Smart Affect web \u00e7\u00f6z\u00fcmleri \u00fcreten yenilik\u00e7i ve dinamik bir firmad\u0131r. Ayn\u0131 zamanda Ar-Ge \u00e7al\u0131\u015fmalar\u0131nda Art\u0131r\u0131lm\u0131\u015f Ger\u00e7eklik ve Sanal Ger\u00e7eklik alanlar\u0131na da yer vermektedir.<\/p>\n<p>Projelerinde; C#, Asp.Net, JavaFX, JavaSE, JSF dillerini kullanmaktad\u0131r. Geli\u015ftirmede MVC kullan\u0131rken, proje y\u00f6netimini Agile ve Scrum ile yapmaktad\u0131r. Firman\u0131n kendisine ait C# ve Javascript k\u00fct\u00fcphanesi bulunmaktad\u0131r ve bu k\u00fct\u00fcphanelerle \u00f6zg\u00fcn bir \u015fekilde projelerini geli\u015ftirmektedirler.[\/vc_column_text][vc_row_inner css=&#8221;.vc_custom_1455886051719{margin-bottom: 10px !important;}&#8221;][vc_column_inner width=&#8221;1\/2&#8243;][stm_icon_box hide_title_line=&#8221;hide_title_line&#8221; enable_hexagon=&#8221;enable&#8221; enable_hexagon_animation=&#8221;enable&#8221; icon=&#8221;stm-phone-11&#8243; style=&#8221;icon_left&#8221; icon_size=&#8221;15&#8243; icon_width=&#8221;78&#8243; title=&#8221;7\/24 Hizmet&#8221;]Telefon ve\u00a0elektronik posta arac\u0131l\u0131\u011f\u0131\u00a0ile 7 g\u00fcn 24 saat dijital ortamda hizmet vermekteyiz. \u0130stedi\u011finiz zaman bizlere ula\u015fabilirsiniz![\/stm_icon_box][\/vc_column_inner][vc_column_inner width=&#8221;1\/2&#8243;][stm_icon_box hide_title_line=&#8221;hide_title_line&#8221; enable_hexagon=&#8221;enable&#8221; enable_hexagon_animation=&#8221;enable&#8221; icon=&#8221;stm-graph&#8221; style=&#8221;icon_left&#8221; icon_size=&#8221;22&#8243; icon_width=&#8221;78&#8243; title=&#8221;Kurumsal \u00c7al\u0131\u015fmalar&#8221;]Her zaman gelece\u011fe y\u00f6nelik yapt\u0131\u011f\u0131m\u0131z \u00e7al\u0131\u015fmalar ile kurumsalla\u015fman\u0131za yard\u0131mc\u0131 oluyoruz.[\/stm_icon_box][\/vc_column_inner][\/vc_row_inner][vc_row_inner css=&#8221;.vc_custom_1455886085190{margin-bottom: 10px !important;}&#8221;][vc_column_inner width=&#8221;1\/2&#8243;][stm_icon_box hide_title_line=&#8221;hide_title_line&#8221; enable_hexagon=&#8221;enable&#8221; enable_hexagon_animation=&#8221;enable&#8221; icon=&#8221;stm-cart&#8221; style=&#8221;icon_left&#8221; icon_size=&#8221;21&#8243; icon_width=&#8221;78&#8243; title=&#8221;\u00d6deme Ko\u015fulu&#8221;]Bizler projeleri, verdi\u011fimiz zamanda ve kaliteli bir \u015fekilde teslim etmekteyiz. Proje anla\u015fmas\u0131ndan \u00f6nce %50 \u00f6deme alarak ba\u015flar ve proje sonunda geri kalan\u0131 alarak tamamlar\u0131z.[\/stm_icon_box][\/vc_column_inner][vc_column_inner width=&#8221;1\/2&#8243;][stm_icon_box hide_title_line=&#8221;hide_title_line&#8221; enable_hexagon=&#8221;enable&#8221; enable_hexagon_animation=&#8221;enable&#8221; icon=&#8221;stm-home&#8221; style=&#8221;icon_left&#8221; icon_size=&#8221;23&#8243; icon_width=&#8221;78&#8243; title=&#8221;Uygun ve Kaliteli Hizmet&#8221;]\u00dccretini \u00f6dedi\u011finiz projeler i\u00e7in 6 ay \u00fccretsiz destek vererek cebinizden ekstra para \u00e7\u0131k\u0131\u015f\u0131n\u0131 engelliyoruz.[\/stm_icon_box][\/vc_column_inner][\/vc_row_inner][vc_row_inner][vc_column_inner width=&#8221;1\/2&#8243;][stm_icon_box hide_title_line=&#8221;hide_title_line&#8221; enable_hexagon=&#8221;enable&#8221; enable_hexagon_animation=&#8221;enable&#8221; icon=&#8221;stm-lamp&#8221; style=&#8221;icon_left&#8221; icon_size=&#8221;27&#8243; icon_width=&#8221;78&#8243; title=&#8221;Giri\u015fimcilik&#8221;]Sadece sizden gelen projeleri yapm\u0131yoruz! Giri\u015fimci ve yenilik\u00e7i y\u00f6n\u00fcm\u00fczle bir\u00e7ok kendi projelerimize de imza at\u0131yoruz.[\/stm_icon_box][\/vc_column_inner][vc_column_inner width=&#8221;1\/2&#8243;][stm_icon_box hide_title_line=&#8221;hide_title_line&#8221; enable_hexagon=&#8221;enable&#8221; enable_hexagon_animation=&#8221;enable&#8221; icon=&#8221;stm-truck&#8221; style=&#8221;icon_left&#8221; icon_size=&#8221;19&#8243; icon_width=&#8221;78&#8243; title=&#8221;Teslimat&#8221;]\u0130stedi\u011finiz \u00e7\u00f6z\u00fcm\u00fc, taraf\u0131n\u0131za belirtilmedi\u011fi s\u00fcrece tam zaman\u0131nda sizlere teslim ediyoruz. Geciken proje s\u00fcrelerinin giderini kendi cebimizden kar\u015f\u0131l\u0131yoruz![\/stm_icon_box][\/vc_column_inner][\/vc_row_inner][\/vc_column][vc_column width=&#8221;1\/4&#8243;][stm_sidebar sidebar=&#8221;311&#8243;][\/vc_column][\/vc_row][vc_row full_width=&#8221;stretch_row&#8221; css=&#8221;.vc_custom_1459505959648{margin-bottom: -60px !important;}&#8221; el_class=&#8221;third_bg_color&#8221;][vc_column][vc_cta h2=&#8221;Bizimle ileti\u015fime mi ge\u00e7mek istiyorsun!&#8221; h2_font_container=&#8221;font_size:20px|color:%23ffffff|line_height:24px&#8221; h2_use_theme_fonts=&#8221;yes&#8221; shape=&#8221;square&#8221; style=&#8221;flat&#8221; add_button=&#8221;right&#8221; btn_title=&#8221;\u0130leti\u015fime Ge\u00e7&#8221; btn_style=&#8221;flat&#8221; btn_color=&#8221;theme_style_2&#8243; btn_align=&#8221;right&#8221; btn_i_align=&#8221;right&#8221; btn_i_icon_fontawesome=&#8221;fa fa-chevron-right&#8221; use_custom_fonts_h2=&#8221;true&#8221; btn_link=&#8221;url:%2Filetisim||&#8221; btn_add_icon=&#8221;true&#8221; el_class=&#8221;third_bg_color&#8221; css=&#8221;.vc_custom_1468423563850{margin-bottom: 0px !important;}&#8221; btn_button_block=&#8221;true&#8221;][\/vc_cta][\/vc_column][\/vc_row]<\/p>","protected":false},"excerpt":{"rendered":"<p>[vc_row css=&#8221;.vc_custom_1459506276575{margin-bottom: 100px !important;}&#8221;][vc_column width=&#8221;3\/4&#8243;][vc_column_text css=&#8221;.vc_custom_1478783654931{margin-top: 45px !important;}&#8221;] About Us Smart Affect web \u00e7\u00f6z\u00fcmleri \u00fcreten yenilik\u00e7i ve dinamik bir firmad\u0131r. Ayn\u0131 zamanda Ar-Ge \u00e7al\u0131\u015fmalar\u0131nda Art\u0131r\u0131lm\u0131\u015f Ger\u00e7eklik ve Sanal Ger\u00e7eklik alanlar\u0131na da yer vermektedir. Projelerinde; C#, Asp.Net, JavaFX, JavaSE, JSF dillerini kullanmaktad\u0131r. Geli\u015ftirmede MVC kullan\u0131rken, proje y\u00f6netimini Agile ve Scrum ile yapmaktad\u0131r. Firman\u0131n kendisine ait C#<\/p>\n","protected":false},"author":1,"featured_media":0,"parent":0,"menu_order":0,"comment_status":"closed","ping_status":"closed","template":"","meta":{"footnotes":""},"yoast_head":"<!-- This site is optimized with the Yoast SEO Premium plugin v15.4 - https:\/\/yoast.com\/wordpress\/plugins\/seo\/ -->\n<title>About Us - Smart Affect<\/title>\n<meta name=\"robots\" content=\"index, follow, max-snippet:-1, max-image-preview:large, max-video-preview:-1\" \/>\n<link rel=\"canonical\" href=\"https:\/\/www.smartaffect.com\/hakkimizda\/\" \/>\n<meta property=\"og:locale\" content=\"en_US\" \/>\n<meta property=\"og:type\" content=\"article\" \/>\n<meta property=\"og:title\" content=\"About Us - Smart Affect\" \/>\n<meta property=\"og:description\" content=\"[vc_row css=&#8221;.vc_custom_1459506276575{margin-bottom: 100px !important;}&#8221;][vc_column width=&#8221;3\/4&#8243;][vc_column_text css=&#8221;.vc_custom_1478783654931{margin-top: 45px !important;}&#8221;] About Us Smart Affect web \u00e7\u00f6z\u00fcmleri \u00fcreten yenilik\u00e7i ve dinamik bir firmad\u0131r. Ayn\u0131 zamanda Ar-Ge \u00e7al\u0131\u015fmalar\u0131nda Art\u0131r\u0131lm\u0131\u015f Ger\u00e7eklik ve Sanal Ger\u00e7eklik alanlar\u0131na da yer vermektedir. Projelerinde; C#, Asp.Net, JavaFX, JavaSE, JSF dillerini kullanmaktad\u0131r. Geli\u015ftirmede MVC kullan\u0131rken, proje y\u00f6netimini Agile ve Scrum ile yapmaktad\u0131r. Firman\u0131n kendisine ait C#\" \/>\n<meta property=\"og:url\" content=\"https:\/\/www.smartaffect.com\/hakkimizda\/\" \/>\n<meta property=\"og:site_name\" content=\"Smart Affect\" \/>\n<meta property=\"article:publisher\" content=\"http:\/\/SmartAffect\" \/>\n<meta property=\"article:modified_time\" content=\"2018-10-25T08:12:15+00:00\" \/>\n<meta name=\"twitter:card\" content=\"summary\" \/>\n<meta name=\"twitter:creator\" content=\"@SmartAffect\" \/>\n<meta name=\"twitter:site\" content=\"@SmartAffect\" \/>\n<meta name=\"twitter:label1\" content=\"Written by\">\n\t<meta name=\"twitter:data1\" content=\"Smart Affect\">\n\t<meta name=\"twitter:label2\" content=\"Est. reading time\">\n\t<meta name=\"twitter:data2\" content=\"5 minutes\">\n<script type=\"application\/ld+json\" class=\"yoast-schema-graph\">{\"@context\":\"https:\/\/schema.org\",\"@graph\":[{\"@type\":[\"Organization\",\"Place\"],\"@id\":\"https:\/\/www.smartaffect.com\/#organization\",\"name\":\"Smart Affect\",\"url\":\"https:\/\/www.smartaffect.com\/\",\"sameAs\":[\"http:\/\/SmartAffect\",\"https:\/\/twitter.com\/SmartAffect\"],\"logo\":{\"@type\":\"ImageObject\",\"@id\":\"https:\/\/www.smartaffect.com\/#logo\",\"inLanguage\":\"en-US\",\"url\":\"https:\/\/www.smartaffect.com\/wp-content\/uploads\/2016\/07\/Smart-Affect-Dark-Logo.png\",\"width\":385,\"height\":108,\"caption\":\"Smart Affect\"},\"image\":{\"@id\":\"https:\/\/www.smartaffect.com\/#logo\"},\"location\":{\"@id\":\"https:\/\/www.smartaffect.com\/hakkimizda\/#local-place\"},\"address\":{\"@id\":\"https:\/\/www.smartaffect.com\/hakkimizda\/#local-place-address\"}},{\"@type\":\"WebSite\",\"@id\":\"https:\/\/www.smartaffect.com\/#website\",\"url\":\"https:\/\/www.smartaffect.com\/\",\"name\":\"Smart Affect\",\"description\":\"Yaz\\u0131l\\u0131m ve Dan\\u0131\\u015fmanl\\u0131k Hizmetleri\",\"publisher\":{\"@id\":\"https:\/\/www.smartaffect.com\/#organization\"},\"potentialAction\":[{\"@type\":\"SearchAction\",\"target\":\"https:\/\/www.smartaffect.com\/?s={search_term_string}\",\"query-input\":\"required name=search_term_string\"}],\"inLanguage\":\"en-US\"},{\"@type\":\"WebPage\",\"@id\":\"https:\/\/www.smartaffect.com\/hakkimizda\/#webpage\",\"url\":\"https:\/\/www.smartaffect.com\/hakkimizda\/\",\"name\":\"About Us - Smart Affect\",\"isPartOf\":{\"@id\":\"https:\/\/www.smartaffect.com\/#website\"},\"datePublished\":\"2016-01-06T11:31:27+00:00\",\"dateModified\":\"2018-10-25T08:12:15+00:00\",\"inLanguage\":\"en-US\",\"potentialAction\":[{\"@type\":\"ReadAction\",\"target\":[\"https:\/\/www.smartaffect.com\/hakkimizda\/\"]}]},{\"@type\":\"Place\",\"@id\":\"https:\/\/www.smartaffect.com\/hakkimizda\/#local-place\",\"address\":{\"@type\":\"PostalAddress\",\"@id\":\"https:\/\/www.smartaffect.com\/hakkimizda\/#local-place-address\",\"streetAddress\":\"\",\"addressLocality\":\"\",\"postalCode\":\"\",\"addressRegion\":\"\",\"addressCountry\":\"\"},\"geo\":{\"@type\":\"GeoCoordinates\",\"latitude\":\"\",\"longitude\":\"\"},\"openingHoursSpecification\":[{\"@type\":\"OpeningHoursSpecification\",\"dayOfWeek\":[\"Monday\",\"Tuesday\",\"Wednesday\",\"Thursday\",\"Friday\",\"Saturday\",\"Sunday\"],\"opens\":\"09:00\",\"closes\":\"17:00\"}]}]}<\/script>\n<!-- \/ Yoast SEO Premium plugin. -->","_links":{"self":[{"href":"https:\/\/www.smartaffect.com\/en\/wp-json\/wp\/v2\/pages\/344"}],"collection":[{"href":"https:\/\/www.smartaffect.com\/en\/wp-json\/wp\/v2\/pages"}],"about":[{"href":"https:\/\/www.smartaffect.com\/en\/wp-json\/wp\/v2\/types\/page"}],"author":[{"embeddable":true,"href":"https:\/\/www.smartaffect.com\/en\/wp-json\/wp\/v2\/users\/1"}],"replies":[{"embeddable":true,"href":"https:\/\/www.smartaffect.com\/en\/wp-json\/wp\/v2\/comments?post=344"}],"version-history":[{"count":13,"href":"https:\/\/www.smartaffect.com\/en\/wp-json\/wp\/v2\/pages\/344\/revisions"}],"predecessor-version":[{"id":1819,"href":"https:\/\/www.smartaffect.com\/en\/wp-json\/wp\/v2\/pages\/344\/revisions\/1819"}],"wp:attachment":[{"href":"https:\/\/www.smartaffect.com\/en\/wp-json\/wp\/v2\/media?parent=344"}],"curies":[{"name":"wp","href":"https:\/\/api.w.org\/{rel}","templated":true}]}}